{"id":2540,"date":"2023-06-29T11:03:59","date_gmt":"2023-06-29T09:03:59","guid":{"rendered":"https:\/\/klbtheme.com\/clotya\/?post_type=product&#038;p=597"},"modified":"2025-07-27T18:08:14","modified_gmt":"2025-07-27T16:08:14","slug":"soft-shoulder-bag","status":"publish","type":"product","link":"https:\/\/depressive-age.de\/shop\/produkt\/soft-shoulder-bag\/","title":{"rendered":"G\u00fcrtelschnalle &#8220;Embryo&#8221;"},"content":{"rendered":"<p>Handgefertigte G\u00fcrtelschnalle &#8220;Embryo&#8221; aus Edelstahl, signiert und original von K\u00fcnstler Mike Steel\u00a9. Passend zu unseren schwarzen Wechsellederg\u00fcrteln. Kommt in einer Giftbox.<\/p>\n","protected":false},"excerpt":{"rendered":"<p>Lorem ipsum dolor sit amet, consectetur adipiscing elit, sed do eiusmod tempor incididunt ut labore et dolore magna aliqua.<\/p>\n","protected":false},"featured_media":2965,"template":"","meta":[],"product_cat":[35,103],"product_tag":[],"_links":{"self":[{"href":"https:\/\/depressive-age.de\/shop\/wp-json\/wp\/v2\/product\/2540"}],"collection":[{"href":"https:\/\/depressive-age.de\/shop\/wp-json\/wp\/v2\/product"}],"about":[{"href":"https:\/\/depressive-age.de\/shop\/wp-json\/wp\/v2\/types\/product"}],"wp:featuredmedia":[{"embeddable":true,"href":"https:\/\/depressive-age.de\/shop\/wp-json\/wp\/v2\/media\/2965"}],"wp:attachment":[{"href":"https:\/\/depressive-age.de\/shop\/wp-json\/wp\/v2\/media?parent=2540"}],"wp:term":[{"taxonomy":"product_cat","embeddable":true,"href":"https:\/\/depressive-age.de\/shop\/wp-json\/wp\/v2\/product_cat?post=2540"},{"taxonomy":"product_tag","embeddable":true,"href":"https:\/\/depressive-age.de\/shop\/wp-json\/wp\/v2\/product_tag?post=2540"}],"curies":[{"name":"wp","href":"https:\/\/api.w.org\/{rel}","templated":true}]}}