{"id":2973,"date":"2023-06-29T11:10:41","date_gmt":"2023-06-29T09:10:41","guid":{"rendered":"https:\/\/depressive-age.de\/shop\/?post_type=product&#038;p=2973"},"modified":"2025-07-27T18:06:54","modified_gmt":"2025-07-27T16:06:54","slug":"lederguertel","status":"publish","type":"product","link":"https:\/\/depressive-age.de\/shop\/produkt\/lederguertel\/","title":{"rendered":"Lederg\u00fcrtel"},"content":{"rendered":"<p>Lederg\u00fcrtel aus hochwertigem Spaltleder mit Druckkn\u00f6pfen f\u00fcr schnellen und einfachen Schnallenwechsel passend f\u00fcr unsere G\u00fcrtelchnallen.<\/p>\n<p>&#8211; Strukturierte, gemaserte Oberfl\u00e4che<br \/>\n&#8211; Geschliffene, farblich abgestimmte Kanten f\u00fcr extra weichen Tragekomfort<br \/>\n&#8211; 7 L\u00f6cher zur individuellen Gr\u00f6\u00dfenanpassung<br \/>\n&#8211; hohe Haltbarkeit &#8211; kein Ausrei\u00dfen beim \u00d6ffnen\/Schlie\u00dfen<\/p>\n<p>\u2705 QUALIT\u00c4T: Hochwertiges, weiches Vollrindleder mit einer Dicke von ca. 4mm. Pflanzlich gegerbtes, durchgef\u00e4rbtes Leder dadurch kein Abf\u00e4rben!<\/p>\n<p>Verschluss: Druckknopf<br \/>\nMaterial: 100% Leder<\/p>\n<p>Pflegehinweis: Nur Trockenreinigung<\/p>\n","protected":false},"excerpt":{"rendered":"<p>Lederg\u00fcrtel aus hochwertigem Spaltleder mit Druckkn\u00f6pfen f\u00fcr schnellen und einfachen Schnallenwechsel passend f\u00fcr unsere G\u00fcrtelchnallen.<\/p>\n","protected":false},"featured_media":3017,"template":"","meta":[],"product_cat":[35,103],"product_tag":[],"_links":{"self":[{"href":"https:\/\/depressive-age.de\/shop\/wp-json\/wp\/v2\/product\/2973"}],"collection":[{"href":"https:\/\/depressive-age.de\/shop\/wp-json\/wp\/v2\/product"}],"about":[{"href":"https:\/\/depressive-age.de\/shop\/wp-json\/wp\/v2\/types\/product"}],"wp:featuredmedia":[{"embeddable":true,"href":"https:\/\/depressive-age.de\/shop\/wp-json\/wp\/v2\/media\/3017"}],"wp:attachment":[{"href":"https:\/\/depressive-age.de\/shop\/wp-json\/wp\/v2\/media?parent=2973"}],"wp:term":[{"taxonomy":"product_cat","embeddable":true,"href":"https:\/\/depressive-age.de\/shop\/wp-json\/wp\/v2\/product_cat?post=2973"},{"taxonomy":"product_tag","embeddable":true,"href":"https:\/\/depressive-age.de\/shop\/wp-json\/wp\/v2\/product_tag?post=2973"}],"curies":[{"name":"wp","href":"https:\/\/api.w.org\/{rel}","templated":true}]}}